{"id":235,"date":"2019-05-22T13:41:21","date_gmt":"2019-05-22T13:41:21","guid":{"rendered":"https:\/\/mesh.tokyo\/JKA_dev\/?page_id=235"},"modified":"2020-06-13T15:16:10","modified_gmt":"2020-06-13T08:16:10","slug":"seals","status":"publish","type":"page","link":"https:\/\/kendama.or.jp\/english\/history\/seals\/","title":{"rendered":"Seals"},"content":{"rendered":"\n<p>There\nare three types of seals:<\/p>\n\n\n\n<div class=\"wp-block-media-text alignwide has-media-on-the-right is-stacked-on-mobile\" style=\"grid-template-columns:auto 36%\"><figure class=\"wp-block-media-text__media\"><img loading=\"lazy\" decoding=\"async\" width=\"1024\" height=\"512\" src=\"https:\/\/kendama.or.jp\/english\/wp-content\/uploads\/sites\/3\/2019\/08\/ozora-old-new-seals-1024x512.jpg\" alt=\"\" class=\"wp-image-1462\" srcset=\"https:\/\/kendama.or.jp\/english\/wp-content\/uploads\/sites\/3\/2019\/08\/ozora-old-new-seals.jpg 1024w, https:\/\/kendama.or.jp\/english\/wp-content\/uploads\/sites\/3\/2019\/08\/ozora-old-new-seals-300x150.jpg 300w, https:\/\/kendama.or.jp\/english\/wp-content\/uploads\/sites\/3\/2019\/08\/ozora-old-new-seals-768x384.jpg 768w, https:\/\/kendama.or.jp\/english\/wp-content\/uploads\/sites\/3\/2019\/08\/ozora-old-new-seals-600x300.jpg 600w\" sizes=\"(max-width: 1024px) 100vw, 1024px\" \/><\/figure><div class=\"wp-block-media-text__content\">\n<p><strong>Nintei-hin<\/strong> (\u8a8d\u5b9a\u54c1) \u2013 \u201cApproved item\u201d may be used for all competitions and level tests.&nbsp; Goes through very rigorous testing including but not limited to size, paint durability, quality, etc. &nbsp;(Common usage \u201cNintei seal\u201d)<\/p>\n<\/div><\/div>\n\n\n\n<div style=\"height:100px\" aria-hidden=\"true\" class=\"wp-block-spacer\"><\/div>\n\n\n\n<div class=\"wp-block-media-text alignwide is-stacked-on-mobile\" style=\"grid-template-columns:36% auto\"><figure class=\"wp-block-media-text__media\"><img loading=\"lazy\" decoding=\"async\" width=\"1024\" height=\"512\" src=\"https:\/\/kendama.or.jp\/english\/wp-content\/uploads\/sites\/3\/2019\/05\/new-nintei-hin-1-1024x512.jpg\" alt=\"\" class=\"wp-image-276\" srcset=\"https:\/\/kendama.or.jp\/english\/wp-content\/uploads\/sites\/3\/2019\/05\/new-nintei-hin-1-1024x512.jpg 1024w, https:\/\/kendama.or.jp\/english\/wp-content\/uploads\/sites\/3\/2019\/05\/new-nintei-hin-1-600x300.jpg 600w, https:\/\/kendama.or.jp\/english\/wp-content\/uploads\/sites\/3\/2019\/05\/new-nintei-hin-1-300x150.jpg 300w, https:\/\/kendama.or.jp\/english\/wp-content\/uploads\/sites\/3\/2019\/05\/new-nintei-hin-1-768x384.jpg 768w\" sizes=\"(max-width: 1024px) 100vw, 1024px\" \/><\/figure><div class=\"wp-block-media-text__content\">\n<p><strong>Suish\u014d-hin<\/strong> (\u63a8\u5968\u54c1) \u2013 \u201cRecommended item\u201d color generally matches the Nintei seal of a given manufacturer example: Gentosha = red; Yamagata Koubou = yellow; Goes through the same rigorous testing as the Nintei seal kendama; may be used for testing up through Jun-shodan. &nbsp;(Common usage \u201cSuish\u014d seal\u201d)\n\n<\/p>\n<\/div><\/div>\n\n\n\n<div style=\"height:100px\" aria-hidden=\"true\" class=\"wp-block-spacer\"><\/div>\n\n\n\n<div class=\"wp-block-media-text alignwide has-media-on-the-right is-stacked-on-mobile\" style=\"grid-template-columns:auto 36%\"><figure class=\"wp-block-media-text__media\"><img loading=\"lazy\" decoding=\"async\" width=\"1024\" height=\"512\" src=\"https:\/\/kendama.or.jp\/english\/wp-content\/uploads\/sites\/3\/2019\/05\/tokubetsu-1024x512.jpg\" alt=\"\" class=\"wp-image-278\" srcset=\"https:\/\/kendama.or.jp\/english\/wp-content\/uploads\/sites\/3\/2019\/05\/tokubetsu-1024x512.jpg 1024w, https:\/\/kendama.or.jp\/english\/wp-content\/uploads\/sites\/3\/2019\/05\/tokubetsu-600x300.jpg 600w, https:\/\/kendama.or.jp\/english\/wp-content\/uploads\/sites\/3\/2019\/05\/tokubetsu-300x150.jpg 300w, https:\/\/kendama.or.jp\/english\/wp-content\/uploads\/sites\/3\/2019\/05\/tokubetsu-768x384.jpg 768w\" sizes=\"(max-width: 1024px) 100vw, 1024px\" \/><\/figure><div class=\"wp-block-media-text__content\">\n<p><strong>Tokubetsu Suish\u014d-hin<\/strong> (\u7279\u5225\u63a8\u5968\u54c1) \u2013 \u201cSpecial Recommended item\u201d colors and designs vary, may be used for testing up through Jun-shodan.&nbsp; Does not go through the same rigorous testing as the Nintei seal kendama; generally given for works of art, very high priced kendama, or those of exclusive\/limited release.&nbsp; Has the seal but is not often something that is used\/played.&nbsp; For the Nintei\/Suish\u014d different colors usually mean different manufacturers but that is not always with the Tokubetsu Suish\u014d style of seal.&nbsp; Another example of this <\/p>\n\n\n\n<p>seal is the 40th Anniversary seal released in 2015.  (Common usage \u201cTokubetsu Suish\u014d seal\u201d)<\/p>\n<\/div><\/div>\n\n\n\n<p><br><\/p>\n\n\n\n<p><strong>Official Seals <\/strong><\/p>\n\n\n\n<p>Example: <br>Ozora <em>( model name )<\/em><br>Yamagata Koubou <em>( company name(s) )<\/em><br>Nintei<em> ( certification level )<\/em><br>2008 <em>( year started )<\/em><\/p>\n\n\n\n<div class=\"wp-block-columns has-6-columns is-layout-flex wp-container-core-columns-layout-1 wp-block-columns-is-layout-flex\">\n<div class=\"wp-block-column is-layout-flow wp-block-column-is-layout-flow\">\n<figure class=\"wp-block-image\"><img decoding=\"async\" src=\"https:\/\/kendama.or.jp\/english\/wp-content\/uploads\/sites\/3\/2019\/05\/f16.jpg\" alt=\"\"\/><\/figure>\n\n\n\n<h4 class=\"wp-block-heading\">F16<\/h4>\n\n\n\n<p>Mingei K\u014deki &amp; Keiyaku Sh\u016bry\u014d &amp; Sunray<br>&#8220;Ky\u014dgi-y\u014d&#8221; (competition)<\/p>\n\n\n\n<p class=\"has-medium-font-size\">\n\n1978\n\n<\/p>\n<\/div>\n\n\n\n<div class=\"wp-block-column is-layout-flow wp-block-column-is-layout-flow\">\n<figure class=\"wp-block-image\"><img decoding=\"async\" src=\"https:\/\/kendama.or.jp\/english\/wp-content\/uploads\/sites\/3\/2019\/05\/fuij.jpg\" alt=\"\"\/><\/figure>\n\n\n\n<h4 class=\"wp-block-heading\">Fuji<\/h4>\n\n\n\n<p>Hakushinsya<br>&#8220;Nintei&#8221;<\/p>\n\n\n\n<p class=\"has-medium-font-size\">1980<\/p>\n<\/div>\n\n\n\n<div class=\"wp-block-column is-layout-flow wp-block-column-is-layout-flow\">\n<figure class=\"wp-block-image\"><img loading=\"lazy\" decoding=\"async\" width=\"1024\" height=\"1024\" src=\"https:\/\/kendama.or.jp\/english\/wp-content\/uploads\/sites\/3\/2019\/07\/sakura-3-edit-1-1024x1024.jpg\" alt=\"\" class=\"wp-image-1357\" srcset=\"https:\/\/kendama.or.jp\/english\/wp-content\/uploads\/sites\/3\/2019\/07\/sakura-3-edit-1-1024x1024.jpg 1024w, https:\/\/kendama.or.jp\/english\/wp-content\/uploads\/sites\/3\/2019\/07\/sakura-3-edit-1-500x500.jpg 500w, https:\/\/kendama.or.jp\/english\/wp-content\/uploads\/sites\/3\/2019\/07\/sakura-3-edit-1-300x300.jpg 300w, https:\/\/kendama.or.jp\/english\/wp-content\/uploads\/sites\/3\/2019\/07\/sakura-3-edit-1-768x768.jpg 768w, https:\/\/kendama.or.jp\/english\/wp-content\/uploads\/sites\/3\/2019\/07\/sakura-3-edit-1-600x600.jpg 600w, https:\/\/kendama.or.jp\/english\/wp-content\/uploads\/sites\/3\/2019\/07\/sakura-3-edit-1-100x100.jpg 100w, https:\/\/kendama.or.jp\/english\/wp-content\/uploads\/sites\/3\/2019\/07\/sakura-3-edit-1.jpg 1029w\" sizes=\"(max-width: 1024px) 100vw, 1024px\" \/><\/figure>\n\n\n\n<h4 class=\"wp-block-heading\">Sakura<\/h4>\n\n\n\n<p>Milkyway<br>&#8220;Nintei&#8221;<\/p>\n\n\n\n<p class=\"has-medium-font-size\">1984<\/p>\n<\/div>\n\n\n\n<div class=\"wp-block-column is-layout-flow wp-block-column-is-layout-flow\">\n<figure class=\"wp-block-image\"><img decoding=\"async\" src=\"https:\/\/kendama.or.jp\/english\/wp-content\/uploads\/sites\/3\/2019\/05\/fuijandsakura.jpg\" alt=\"\"\/><\/figure>\n\n\n\n<h4 class=\"wp-block-heading\">Fuji &amp; Sakura<\/h4>\n\n\n\n<p>Hakushinsya &amp; Milkyway<br>&#8220;Nintei&#8221;                 <\/p>\n\n\n\n<p class=\"has-medium-font-size\">1992<\/p>\n<\/div>\n\n\n\n<div class=\"wp-block-column is-layout-flow wp-block-column-is-layout-flow\">\n<figure class=\"wp-block-image\"><img decoding=\"async\" src=\"https:\/\/kendama.or.jp\/english\/wp-content\/uploads\/sites\/3\/2019\/05\/shinfuji.jpg\" alt=\"\"\/><\/figure>\n\n\n\n<h4 class=\"wp-block-heading\">Shinfuji<\/h4>\n\n\n\n<p>Hakushinsya<br>&#8220;Nintei&#8221;                 <\/p>\n\n\n\n<p class=\"has-medium-font-size\">2001<\/p>\n<\/div>\n\n\n\n<div class=\"wp-block-column is-layout-flow wp-block-column-is-layout-flow\">\n<figure class=\"wp-block-image\"><img decoding=\"async\" src=\"https:\/\/kendama.or.jp\/english\/wp-content\/uploads\/sites\/3\/2019\/05\/shinsakura.jpg\" alt=\"\"\/><\/figure>\n\n\n\n<h4 class=\"wp-block-heading\">Shinsakura<\/h4>\n\n\n\n<p>Milkyway (name change to Art Yoshi 2003)<br>&#8220;Nintei&#8221;                 <\/p>\n\n\n\n<p class=\"has-medium-font-size\">2001<\/p>\n<\/div>\n<\/div>\n\n\n\n<div class=\"wp-block-columns has-6-columns is-layout-flex wp-container-core-columns-layout-2 wp-block-columns-is-layout-flex\">\n<div class=\"wp-block-column is-layout-flow wp-block-column-is-layout-flow\">\n<figure class=\"wp-block-image\"><img decoding=\"async\" src=\"https:\/\/kendama.or.jp\/english\/wp-content\/uploads\/sites\/3\/2019\/05\/tk16master.jpg\" alt=\"\"\/><\/figure>\n\n\n\n<h4 class=\"wp-block-heading\">TK16 Master<\/h4>\n\n\n\n<p>Tamiwa Toy<br>&#8220;Nintei&#8221;<\/p>\n\n\n\n<p class=\"has-medium-font-size\">2001<\/p>\n<\/div>\n\n\n\n<div class=\"wp-block-column is-layout-flow wp-block-column-is-layout-flow\">\n<figure class=\"wp-block-image\"><img decoding=\"async\" src=\"https:\/\/kendama.or.jp\/english\/wp-content\/uploads\/sites\/3\/2019\/05\/mugen-seal.jpg\" alt=\"\"\/><\/figure>\n\n\n\n<h4 class=\"wp-block-heading\">Mugen<\/h4>\n\n\n\n<p>Iwata Mokk\u014d<br>&#8220;Nintei&#8221;<\/p>\n\n\n\n<p class=\"has-medium-font-size\">2005<\/p>\n<\/div>\n\n\n\n<div class=\"wp-block-column is-layout-flow wp-block-column-is-layout-flow\">\n<figure class=\"wp-block-image\"><img decoding=\"async\" src=\"https:\/\/kendama.or.jp\/english\/wp-content\/uploads\/sites\/3\/2019\/05\/tk16junior.jpg\" alt=\"\"\/><\/figure>\n\n\n\n<h4 class=\"wp-block-heading\">TK16 Junior<\/h4>\n\n\n\n<p>Tamiwa Toy<br>&#8220;Suish\u014d&#8221;<\/p>\n\n\n\n<p class=\"has-medium-font-size\">2007<\/p>\n<\/div>\n\n\n\n<div class=\"wp-block-column is-layout-flow wp-block-column-is-layout-flow\">\n<figure class=\"wp-block-image\"><img loading=\"lazy\" decoding=\"async\" width=\"1024\" height=\"1024\" src=\"https:\/\/kendama.or.jp\/english\/wp-content\/uploads\/sites\/3\/2019\/05\/ozora-seal-1024x1024.jpg\" alt=\"\" class=\"wp-image-299\" srcset=\"https:\/\/kendama.or.jp\/english\/wp-content\/uploads\/sites\/3\/2019\/05\/ozora-seal-1024x1024.jpg 1024w, https:\/\/kendama.or.jp\/english\/wp-content\/uploads\/sites\/3\/2019\/05\/ozora-seal-300x300.jpg 300w, https:\/\/kendama.or.jp\/english\/wp-content\/uploads\/sites\/3\/2019\/05\/ozora-seal-600x600.jpg 600w, https:\/\/kendama.or.jp\/english\/wp-content\/uploads\/sites\/3\/2019\/05\/ozora-seal-100x100.jpg 100w, https:\/\/kendama.or.jp\/english\/wp-content\/uploads\/sites\/3\/2019\/05\/ozora-seal-500x500.jpg 500w, https:\/\/kendama.or.jp\/english\/wp-content\/uploads\/sites\/3\/2019\/05\/ozora-seal-768x768.jpg 768w, https:\/\/kendama.or.jp\/english\/wp-content\/uploads\/sites\/3\/2019\/05\/ozora-seal.jpg 1029w\" sizes=\"(max-width: 1024px) 100vw, 1024px\" \/><figcaption>\n                        <\/figcaption><\/figure>\n\n\n\n<h4 class=\"wp-block-heading\">Ozora<\/h4>\n\n\n\n<p>Yamagata Koubou<br>&#8220;Nintei&#8221;                 <\/p>\n\n\n\n<p class=\"has-medium-font-size\">2008<\/p>\n<\/div>\n\n\n\n<div class=\"wp-block-column is-layout-flow wp-block-column-is-layout-flow\">\n<figure class=\"wp-block-image\"><img loading=\"lazy\" decoding=\"async\" width=\"1024\" height=\"1024\" src=\"https:\/\/kendama.or.jp\/english\/wp-content\/uploads\/sites\/3\/2019\/12\/shinfuji-shuisho-1024x1024.jpg\" alt=\"\" class=\"wp-image-3999\" srcset=\"https:\/\/kendama.or.jp\/english\/wp-content\/uploads\/sites\/3\/2019\/12\/shinfuji-shuisho-1024x1024.jpg 1024w, https:\/\/kendama.or.jp\/english\/wp-content\/uploads\/sites\/3\/2019\/12\/shinfuji-shuisho-500x500.jpg 500w, https:\/\/kendama.or.jp\/english\/wp-content\/uploads\/sites\/3\/2019\/12\/shinfuji-shuisho-300x300.jpg 300w, https:\/\/kendama.or.jp\/english\/wp-content\/uploads\/sites\/3\/2019\/12\/shinfuji-shuisho-768x768.jpg 768w, https:\/\/kendama.or.jp\/english\/wp-content\/uploads\/sites\/3\/2019\/12\/shinfuji-shuisho-600x600.jpg 600w, https:\/\/kendama.or.jp\/english\/wp-content\/uploads\/sites\/3\/2019\/12\/shinfuji-shuisho-100x100.jpg 100w, https:\/\/kendama.or.jp\/english\/wp-content\/uploads\/sites\/3\/2019\/12\/shinfuji-shuisho.jpg 1029w\" sizes=\"(max-width: 1024px) 100vw, 1024px\" \/><\/figure>\n\n\n\n<h4 class=\"wp-block-heading\">Rokuro, Soft Touch<\/h4>\n\n\n\n<p>Hakushinsya<br>&#8220;Suish\u014d&#8221;<\/p>\n\n\n\n<p class=\"has-medium-font-size\">2010<\/p>\n<\/div>\n\n\n\n<div class=\"wp-block-column is-layout-flow wp-block-column-is-layout-flow\">\n<figure class=\"wp-block-image\"><img decoding=\"async\" src=\"https:\/\/kendama.or.jp\/english\/wp-content\/uploads\/sites\/3\/2019\/05\/taiyo.jpg\" alt=\"\"\/><\/figure>\n\n\n\n<h4 class=\"wp-block-heading\">Taiyo<\/h4>\n\n\n\n<p>Yamagata Koubou<br>&#8220;Suish\u014d&#8221;                 <\/p>\n\n\n\n<p class=\"has-medium-font-size\">2011<\/p>\n<\/div>\n<\/div>\n\n\n\n<div class=\"wp-block-columns has-6-columns is-layout-flex wp-container-core-columns-layout-3 wp-block-columns-is-layout-flex\">\n<div class=\"wp-block-column is-layout-flow wp-block-column-is-layout-flow\">\n<figure class=\"wp-block-image\"><img decoding=\"async\" src=\"https:\/\/kendama.or.jp\/english\/wp-content\/uploads\/sites\/3\/2019\/05\/hajimetenokendama.jpg\" alt=\"\"\/><\/figure>\n\n\n\n<h4 class=\"wp-block-heading\">Hajimete no Kendama<\/h4>\n\n\n\n<p>Gentosha<br>&#8220;Suish\u014d&#8221;                 <\/p>\n\n\n\n<p class=\"has-medium-font-size\">2014<\/p>\n<\/div>\n\n\n\n<div class=\"wp-block-column is-layout-flow wp-block-column-is-layout-flow\">\n<figure class=\"wp-block-image\"><img decoding=\"async\" src=\"https:\/\/kendama.or.jp\/english\/wp-content\/uploads\/sites\/3\/2019\/05\/40tokubetsu.jpg\" alt=\"\"\/><\/figure>\n\n\n\n<h4 class=\"wp-block-heading\">40<sup>th<\/sup> Anniversary<\/h4>\n\n\n\n<p>All Companies<br>&#8220;Tokubetsu Suish\u014d&#8221;<\/p>\n\n\n\n<p class=\"has-medium-font-size\">2015<\/p>\n<\/div>\n\n\n\n<div class=\"wp-block-column is-layout-flow wp-block-column-is-layout-flow\">\n<figure class=\"wp-block-image\"><img decoding=\"async\" src=\"https:\/\/kendama.or.jp\/english\/wp-content\/uploads\/sites\/3\/2019\/05\/tokubetsusuisho.jpg\" alt=\"\"\/><\/figure>\n\n\n\n<h4 class=\"wp-block-heading\">Unspecified<\/h4>\n\n\n\n<p>All Companies<br>&#8220;Tokubetsu Suish\u014d&#8221;<\/p>\n\n\n\n<p class=\"has-medium-font-size\">2015.5<\/p>\n<\/div>\n\n\n\n<div class=\"wp-block-column is-layout-flow wp-block-column-is-layout-flow\">\n<figure class=\"wp-block-image\"><img decoding=\"async\" src=\"https:\/\/kendama.or.jp\/english\/wp-content\/uploads\/sites\/3\/2019\/05\/standardgentosha.jpg\" alt=\"\"\/><\/figure>\n\n\n\n<h4 class=\"wp-block-heading\">Standard<\/h4>\n\n\n\n<p>Gentosha<br>&#8220;Suish\u014d&#8221;<\/p>\n\n\n\n<p class=\"has-medium-font-size\">2016<\/p>\n<\/div>\n\n\n\n<div class=\"wp-block-column is-layout-flow wp-block-column-is-layout-flow\">\n<figure class=\"wp-block-image\"><img decoding=\"async\" src=\"https:\/\/kendama.or.jp\/english\/wp-content\/uploads\/sites\/3\/2019\/05\/tokubetsosuisho.jpg\" alt=\"\"\/><\/figure>\n\n\n\n<h4 class=\"wp-block-heading\">Unspecified<\/h4>\n\n\n\n<p>All Companies<br>&#8220;Tokubetsu Suish\u014d&#8221;       <\/p>\n\n\n\n<p class=\"has-medium-font-size\">2016.12      <\/p>\n<\/div>\n\n\n\n<div class=\"wp-block-column is-layout-flow wp-block-column-is-layout-flow\">\n<figure class=\"wp-block-image\"><img decoding=\"async\" src=\"https:\/\/kendama.or.jp\/english\/wp-content\/uploads\/sites\/3\/2019\/05\/proracing.jpg\" alt=\"\"\/><\/figure>\n\n\n\n<h4 class=\"wp-block-heading\">Pro Racing<\/h4>\n\n\n\n<p>Yumu<br>&#8220;Suish\u014d&#8221;                 <\/p>\n\n\n\n<p class=\"has-medium-font-size\">2017<\/p>\n<\/div>\n<\/div>\n\n\n\n<div class=\"wp-block-columns has-6-columns is-layout-flex wp-container-core-columns-layout-4 wp-block-columns-is-layout-flex\">\n<div class=\"wp-block-column is-layout-flow wp-block-column-is-layout-flow\">\n<figure class=\"wp-block-image\"><img decoding=\"async\" src=\"https:\/\/kendama.or.jp\/english\/wp-content\/uploads\/sites\/3\/2019\/05\/meijinkiwami.jpg\" alt=\"\"\/><\/figure>\n\n\n\n<h4 class=\"wp-block-heading\">Meijin Kiwami<\/h4>\n\n\n\n<p>Kashimaya<br>&#8220;Nintei&#8221;                 <\/p>\n\n\n\n<p class=\"has-medium-font-size\">2017 (early)<\/p>\n<\/div>\n\n\n\n<div class=\"wp-block-column is-layout-flow wp-block-column-is-layout-flow\">\n<figure class=\"wp-block-image\"><img decoding=\"async\" src=\"https:\/\/kendama.or.jp\/english\/wp-content\/uploads\/sites\/3\/2019\/05\/ozorayamagatakoubou.jpg\" alt=\"\"\/><\/figure>\n\n\n\n<h4 class=\"wp-block-heading\">Ozora<\/h4>\n\n\n\n<p>Yamagata Koubou<br>&#8220;Nintei&#8221; holo<\/p>\n\n\n\n<p class=\"has-medium-font-size\">2017<\/p>\n<\/div>\n\n\n\n<div class=\"wp-block-column is-layout-flow wp-block-column-is-layout-flow\">\n<figure class=\"wp-block-image\"><img decoding=\"async\" src=\"https:\/\/kendama.or.jp\/english\/wp-content\/uploads\/sites\/3\/2019\/05\/yamagatakoubou.jpg\" alt=\"\"\/><\/figure>\n\n\n\n<h4 class=\"wp-block-heading\">Reshape, etc. <\/h4>\n\n\n\n<p>Yamagata Koubou<br>&#8220;Suish\u014d&#8221; holo<\/p>\n\n\n\n<p class=\"has-medium-font-size\"> 2017 <\/p>\n<\/div>\n\n\n\n<div class=\"wp-block-column is-layout-flow wp-block-column-is-layout-flow\">\n<figure class=\"wp-block-image\"><img decoding=\"async\" src=\"https:\/\/kendama.or.jp\/english\/wp-content\/uploads\/sites\/3\/2019\/05\/starsgentoshonintei.jpg\" alt=\"\"\/><\/figure>\n\n\n\n<h4 class=\"wp-block-heading\">Stars<\/h4>\n\n\n\n<p>Gentosha<br>&#8220;Nintei&#8221; holo<\/p>\n\n\n\n<p class=\"has-medium-font-size\">2017<\/p>\n<\/div>\n\n\n\n<div class=\"wp-block-column is-layout-flow wp-block-column-is-layout-flow\">\n<figure class=\"wp-block-image\"><img decoding=\"async\" src=\"https:\/\/kendama.or.jp\/english\/wp-content\/uploads\/sites\/3\/2019\/05\/gentoshaholo.jpg\" alt=\"\"\/><\/figure>\n\n\n\n<h4 class=\"wp-block-heading\">Unspecified<\/h4>\n\n\n\n<p>Gentosha<br>&#8220;Suish\u014d&#8221; holo<\/p>\n\n\n\n<p class=\"has-medium-font-size\">2017 <\/p>\n<\/div>\n\n\n\n<div class=\"wp-block-column is-layout-flow wp-block-column-is-layout-flow\">\n<figure class=\"wp-block-image\"><img decoding=\"async\" src=\"https:\/\/kendama.or.jp\/english\/wp-content\/uploads\/sites\/3\/2019\/05\/meijintakumi.jpg\" alt=\"\"\/><\/figure>\n\n\n\n<h4 class=\"wp-block-heading\">Meijin Takumi<\/h4>\n\n\n\n<p>Kashimaya<br>&#8220;Nintei&#8221; holo                 <\/p>\n\n\n\n<p class=\"has-medium-font-size\">2017<\/p>\n<\/div>\n<\/div>\n\n\n\n<div class=\"wp-block-columns has-2-columns is-layout-flex wp-container-core-columns-layout-5 wp-block-columns-is-layout-flex\">\n<div class=\"wp-block-column is-layout-flow wp-block-column-is-layout-flow\">\n<p><\/p>\n<\/div>\n\n\n\n<div class=\"wp-block-column is-layout-flow wp-block-column-is-layout-flow\"><\/div>\n<\/div>\n\n\n\n<div class=\"wp-block-columns has-6-columns is-layout-flex wp-container-core-columns-layout-6 wp-block-columns-is-layout-flex\">\n<div class=\"wp-block-column is-layout-flow wp-block-column-is-layout-flow\">\n<figure class=\"wp-block-image\"><img decoding=\"async\" src=\"https:\/\/kendama.or.jp\/english\/wp-content\/uploads\/sites\/3\/2019\/05\/kodama.jpg\" alt=\"\"\/><\/figure>\n\n\n\n<h4 class=\"wp-block-heading\">Kodama<\/h4>\n\n\n\n<p>Ikeda K\u014dgy\u014dsha<br>&#8220;Nintei&#8221; holo                 <\/p>\n\n\n\n<p class=\"has-medium-font-size\">2017<\/p>\n<\/div>\n\n\n\n<div class=\"wp-block-column is-layout-flow wp-block-column-is-layout-flow\">\n<figure class=\"wp-block-image\"><img decoding=\"async\" src=\"https:\/\/kendama.or.jp\/english\/wp-content\/uploads\/sites\/3\/2019\/05\/proracingyumu.jpg\" alt=\"\"\/><\/figure>\n\n\n\n<h4 class=\"wp-block-heading\">Pro Racing<\/h4>\n\n\n\n<p>Yumu<br>&#8220;Nintei&#8221; holo  <\/p>\n\n\n\n<p class=\"has-medium-font-size\">2017               <\/p>\n<\/div>\n\n\n\n<div class=\"wp-block-column is-layout-flow wp-block-column-is-layout-flow\">\n<figure class=\"wp-block-image\"><img decoding=\"async\" src=\"https:\/\/kendama.or.jp\/english\/wp-content\/uploads\/sites\/3\/2019\/05\/yumu.jpg\" alt=\"\"\/><\/figure>\n\n\n\n<h4 class=\"wp-block-heading\">Unspecified<\/h4>\n\n\n\n<p>Yumu<br>&#8220;Suish\u014d&#8221; holo<\/p>\n\n\n\n<p class=\"has-medium-font-size\">2017<\/p>\n<\/div>\n\n\n\n<div class=\"wp-block-column is-layout-flow wp-block-column-is-layout-flow\">\n<p><\/p>\n<\/div>\n\n\n\n<div class=\"wp-block-column is-layout-flow wp-block-column-is-layout-flow\">\n<p><\/p>\n<\/div>\n\n\n\n<div class=\"wp-block-column is-layout-flow wp-block-column-is-layout-flow\"><\/div>\n<\/div>\n\n\n\n<p><strong>Here is a comparison of two seals\nthat are sometimes confused.&nbsp; The Mugen\nis on the left and the Meijin Kiwami is on the right.<\/strong><\/p>\n\n\n\n<figure class=\"wp-block-image\"><img loading=\"lazy\" decoding=\"async\" width=\"1024\" height=\"518\" src=\"https:\/\/kendama.or.jp\/english\/wp-content\/uploads\/sites\/3\/2019\/05\/mugen-1024x518.jpg\" alt=\"\" class=\"wp-image-286\" srcset=\"https:\/\/kendama.or.jp\/english\/wp-content\/uploads\/sites\/3\/2019\/05\/mugen-1024x518.jpg 1024w, https:\/\/kendama.or.jp\/english\/wp-content\/uploads\/sites\/3\/2019\/05\/mugen-600x303.jpg 600w, https:\/\/kendama.or.jp\/english\/wp-content\/uploads\/sites\/3\/2019\/05\/mugen-300x152.jpg 300w, https:\/\/kendama.or.jp\/english\/wp-content\/uploads\/sites\/3\/2019\/05\/mugen-768x388.jpg 768w, https:\/\/kendama.or.jp\/english\/wp-content\/uploads\/sites\/3\/2019\/05\/mugen.jpg 1920w\" sizes=\"(max-width: 1024px) 100vw, 1024px\" \/><figcaption>\n                     <\/figcaption><\/figure>\n","protected":false},"excerpt":{"rendered":"<p>There are three types of seals: Nintei-hin (\u8a8d\u5b9a\u54c1) \u2013 \u201cApproved item\u201d may be used for all competitions and level tests.&nbsp; Goes through very rigorous testing<\/p>\n","protected":false},"author":6,"featured_media":0,"parent":524,"menu_order":2,"comment_status":"closed","ping_status":"closed","template":"","meta":{"footnotes":""},"acf":[],"_links":{"self":[{"href":"https:\/\/kendama.or.jp\/english\/wp-json\/wp\/v2\/pages\/235"}],"collection":[{"href":"https:\/\/kendama.or.jp\/english\/wp-json\/wp\/v2\/pages"}],"about":[{"href":"https:\/\/kendama.or.jp\/english\/wp-json\/wp\/v2\/types\/page"}],"author":[{"embeddable":true,"href":"https:\/\/kendama.or.jp\/english\/wp-json\/wp\/v2\/users\/6"}],"replies":[{"embeddable":true,"href":"https:\/\/kendama.or.jp\/english\/wp-json\/wp\/v2\/comments?post=235"}],"version-history":[{"count":42,"href":"https:\/\/kendama.or.jp\/english\/wp-json\/wp\/v2\/pages\/235\/revisions"}],"predecessor-version":[{"id":4001,"href":"https:\/\/kendama.or.jp\/english\/wp-json\/wp\/v2\/pages\/235\/revisions\/4001"}],"up":[{"embeddable":true,"href":"https:\/\/kendama.or.jp\/english\/wp-json\/wp\/v2\/pages\/524"}],"wp:attachment":[{"href":"https:\/\/kendama.or.jp\/english\/wp-json\/wp\/v2\/media?parent=235"}],"curies":[{"name":"wp","href":"https:\/\/api.w.org\/{rel}","templated":true}]}}